{"id":167,"date":"2025-10-01T11:38:34","date_gmt":"2025-10-01T09:38:34","guid":{"rendered":"https:\/\/sow.merlinz.de\/?page_id=167"},"modified":"2025-11-26T22:17:24","modified_gmt":"2025-11-26T21:17:24","slug":"kontakt","status":"publish","type":"page","link":"https:\/\/senseofwonder.online\/en\/kontakt\/","title":{"rendered":"Contact"},"content":{"rendered":"<p><a href=\"\/en\/\"><img decoding=\"async\" src=\"\/app\/uploads\/2025\/11\/SoW-Logo-bunt.svg\" alt=\"\"><\/a><\/p>\n<h1>Contact<\/h1>\n<div>\n<p><strong>Fon:<\/strong> <a href=\"tel:+494041355129\">040 \u2013 413 551 29<\/a><br \/><strong>E-Mail:<\/strong> <a href=\"mailto:info@senseofwonder.online\">info@senseofwonder.online<\/a><\/p>\n<\/div>\n<div>\n<p>53.5671107,9.9805445<\/p>\n<h3>Sense of Wonder<\/h3>\n<p><a href=\"https:\/\/www.openstreetmap.org\/node\/567800407\">Karte \u00f6ffnen<\/a><\/p>\n<\/div>\n<h1>Retail Store<\/h1>\n<div>\n<p>Sense of Wonder<br \/>Grindelallee 73<br \/>20146 Hamburg<\/p>\n<\/div>\n<h1>Opening Hours<\/h1>\n<div>\n<p><strong>Tuesday through Friday:<\/strong> 11:00 a.m. \u2013 6:00 p.m.<br \/><strong>Saturday:<\/strong> 11:00 a.m. \u2013 4:00 p.m.<br \/><strong>Mondays<\/strong>Closed<\/p>\n<\/div>\n<p><!--more--><br \/>\n<!-- {\"type\":\"layout\",\"children\":[{\"type\":\"section\",\"props\":{\"css\":\".el-section {\\n\\tbackground-color: #1C1C31;\\n}\",\"image_position\":\"center-center\",\"style\":\"default\",\"title_breakpoint\":\"xl\",\"title_position\":\"top-left\",\"title_rotation\":\"left\",\"vertical_align\":\"middle\",\"width\":\"default\"},\"children\":[{\"type\":\"row\",\"children\":[{\"type\":\"column\",\"props\":{\"image_position\":\"center-center\",\"position_sticky_breakpoint\":\"m\"},\"children\":[{\"type\":\"image\",\"props\":{\"image\":\"app\\\/uploads\\\/2025\\\/11\\\/SoW-Logo-bunt.svg\",\"image_svg_color\":\"emphasis\",\"link\":\".\\\/\",\"margin\":\"default\",\"text_align\":\"center\"}}]}]},{\"type\":\"row\",\"children\":[{\"type\":\"column\",\"props\":{\"image_position\":\"center-center\",\"position_sticky_breakpoint\":\"m\"},\"children\":[{\"type\":\"headline\",\"props\":{\"content\":\"Kontakt\",\"css\":\".el-element {\\n\\tcolor: #ffffff;\\n    font-size: 50px;\\n    font-weight: 700;\\n    padding-top: 70px;\\n}\",\"margin\":\"small\",\"margin_remove_bottom\":true,\"text_align\":\"center\",\"title_element\":\"h1\"}},{\"type\":\"text\",\"props\":{\"column_breakpoint\":\"m\",\"content\":\"\n\n<p><strong>Telefon:<\\\/strong> <a href=\\\"tel:+494041355129\\\">040 \\u2013 413 551 29<\\\/a><br \\\/><strong>Mail:<\\\/strong> <a href=\\\"mailto:info@senseofwonder.online\\\">info@senseofwonder.online<\\\/a><\\\/p>\",\"css\":\".el-element {\\n\\tcolor: #FFFFFF;\\n    font-family: Barlow, sans-serif;\\n    font-size: 22px;\\n    font-weight: normal;\\n    line-height: 40px;\\n    letter-spacing: 0px;\\n    text-align: left;\\n}\\n\\na {\\n\\tcolor: #fff;\\n}\\n\\na:hover {\\n\\tcolor: #8A2BE2;\\n}\",\"margin\":\"default\",\"text_align\":\"center\"}}]}]}],\"name\":\"News\"},{\"type\":\"section\",\"props\":{\"css\":\".el-section {\\n\\tbackground-color: #1C1C31;\\n}\",\"id\":\"laden\",\"image_position\":\"center-center\",\"style\":\"default\",\"title_breakpoint\":\"xl\",\"title_position\":\"top-left\",\"title_rotation\":\"left\",\"vertical_align\":\"middle\",\"width\":\"default\"},\"children\":[{\"type\":\"row\",\"props\":{\"column_gap\":\"large\",\"layout\":\"1-2,1-2\"},\"children\":[{\"type\":\"column\",\"props\":{\"image_position\":\"center-center\",\"position_sticky_breakpoint\":\"m\",\"width_medium\":\"1-2\"},\"children\":[{\"type\":\"map\",\"props\":{\"clustering\":false,\"controls\":true,\"css\":\".el-element {\\n\\theight: 538px;\\n}\\n\\n.el-link {\\n\\tbackground-color: #1C1C31;\\n    border-radius: 16px;\\n    font-size: 20px;\\n    line-height: 1.5;\\n\\tletter-spacing: 0;\\n\\tcolor: #FFFFFF;\\n    border: none;\\n    font-weight: bold;\\n}\\n\\n.el-link:hover {\\n\\tbackground: linear-gradient(108deg, #08F8ED 0%, #F436F0 100%);;   \\n\\tcolor: #1C1C31;\\n}\",\"dragging\":true,\"fit_bounds\":false,\"height\":450,\"image_svg_color\":\"emphasis\",\"link_style\":\"default\",\"link_target\":true,\"link_text\":\"Read more\",\"margin\":\"default\",\"max_zoom\":18,\"meta_align\":\"below-title\",\"meta_element\":\"div\",\"meta_style\":\"text-meta\",\"min_zoom\":0,\"poi\":false,\"show_content\":true,\"show_image\":true,\"show_link\":true,\"show_meta\":true,\"show_title\":true,\"title_element\":\"h3\",\"title_hover_style\":\"reset\",\"type\":\"roadmap\",\"zoom\":\"17\",\"zooming\":true},\"children\":[{\"type\":\"map_item\",\"props\":{\"link\":\"https:\\\/\\\/www.openstreetmap.org\\\/node\\\/567800407\",\"link_text\":\"Karte \\u00f6ffnen\",\"location\":\"53.5671107,9.9805445\",\"show_popup\":true,\"title\":\"Sense of Wonder\"}}]}]},{\"type\":\"column\",\"props\":{\"image_position\":\"center-center\",\"position_sticky_breakpoint\":\"m\",\"width_medium\":\"1-2\"},\"children\":[{\"type\":\"headline\",\"props\":{\"content\":\"Ladengesch\\u00e4ft\",\"css\":\".el-element {\\n\\tcolor: #FFFFFF;\\n    font-family: Barlow, sans-serif;\\n    font-size: 30px;\\n    font-weight: bold; \\\/* 'bold' entspricht dem Wert 700 *\\\/\\n    line-height: 40px;\\n    letter-spacing: 0px;\\n    text-align: left;\\n    opacity: 1;\\n}\",\"title_element\":\"h1\"}},{\"type\":\"text\",\"props\":{\"column_breakpoint\":\"m\",\"content\":\"\n\n<p>Sense of Wonder<br \\\/>Grindelallee 73<br \\\/>20146 Hamburg<\\\/p>\",\"css\":\".el-element {\\n\\tcolor: #FFFFFF;\\n    font-family: Barlow, sans-serif;\\n    font-size: 22px;\\n    font-weight: normal;\\n    line-height: 40px;\\n    letter-spacing: 0px;\\n    text-align: left;\\n}\",\"margin\":\"default\"}},{\"type\":\"headline\",\"props\":{\"content\":\"\\u00d6ffnungszeiten\",\"css\":\".el-element {\\n\\tcolor: #FFFFFF;\\n    font-family: Barlow, sans-serif;\\n    font-size: 30px;\\n    font-weight: bold; \\\/* 'bold' entspricht dem Wert 700 *\\\/\\n    line-height: 40px;\\n    letter-spacing: 0px;\\n    text-align: left;\\n    opacity: 1;\\n}\",\"title_element\":\"h1\"}},{\"type\":\"text\",\"props\":{\"column_breakpoint\":\"m\",\"content\":\"\n\n<p><strong>Dienstag bis Freitag:<\\\/strong> 11:00 \\u2013 18:00 Uhr<br \\\/><strong>Samstag:<\\\/strong> 11:00 \\u2013 16:00 Uhr<br \\\/><strong>Montags<\\\/strong>: Geschlossen<\\\/p>\",\"css\":\".el-element {\\n\\tcolor: #FFFFFF;\\n    font-family: Barlow, sans-serif;\\n    font-size: 22px;\\n    font-weight: normal; \\\/* 'normal' entspricht dem Wert 400 *\\\/\\n    line-height: 40px;\\n    letter-spacing: 0px;\\n    text-align: left;\\n    padding-bottom: 90px;\\n}\",\"margin\":\"default\"}}]}]}],\"name\":\"Laden\"}],\"version\":\"4.5.28\"} --><\/p>","protected":false},"excerpt":{"rendered":"<p>Kontakt Telefon: 040 \u2013 413 551 29Mail: info@senseofwonder.online 53.5671107,9.9805445 Sense of Wonder Karte \u00f6ffnen Ladengesch\u00e4ft Sense of WonderGrindelallee 7320146 Hamburg \u00d6ffnungszeiten Dienstag bis Freitag: 11:00 \u2013 18:00 UhrSamstag: 11:00 \u2013 16:00 UhrMontags: Geschlossen<\/p>","protected":false},"author":1,"featured_media":0,"parent":0,"menu_order":0,"comment_status":"closed","ping_status":"closed","template":"","meta":{"footnotes":""},"class_list":["post-167","page","type-page","status-publish","hentry"],"yoast_head":"<!-- This site is optimized with the Yoast SEO plugin v26.6 - https:\/\/yoast.com\/wordpress\/plugins\/seo\/ -->\n<title>Kontakt - Sense of Wonder<\/title>\n<meta name=\"robots\" content=\"index, follow, max-snippet:-1, max-image-preview:large, max-video-preview:-1\" \/>\n<link rel=\"canonical\" href=\"https:\/\/senseofwonder.online\/en\/kontakt\/\" \/>\n<meta property=\"og:locale\" content=\"en_US\" \/>\n<meta property=\"og:type\" content=\"article\" \/>\n<meta property=\"og:title\" content=\"Kontakt - Sense of Wonder\" \/>\n<meta property=\"og:description\" content=\"Kontakt Telefon: 040 \u2013 413 551 29Mail: info@senseofwonder.online 53.5671107,9.9805445 Sense of Wonder Karte \u00f6ffnen Ladengesch\u00e4ft Sense of WonderGrindelallee 7320146 Hamburg \u00d6ffnungszeiten Dienstag bis Freitag: 11:00 \u2013 18:00 UhrSamstag: 11:00 \u2013 16:00 UhrMontags: Geschlossen\" \/>\n<meta property=\"og:url\" content=\"https:\/\/senseofwonder.online\/en\/kontakt\/\" \/>\n<meta property=\"og:site_name\" content=\"Sense of Wonder\" \/>\n<meta property=\"article:modified_time\" content=\"2025-11-26T21:17:24+00:00\" \/>\n<meta name=\"twitter:card\" content=\"summary_large_image\" \/>\n<script type=\"application\/ld+json\" class=\"yoast-schema-graph\">{\"@context\":\"https:\/\/schema.org\",\"@graph\":[{\"@type\":\"WebPage\",\"@id\":\"https:\/\/senseofwonder.online\/kontakt\/\",\"url\":\"https:\/\/senseofwonder.online\/kontakt\/\",\"name\":\"Kontakt - Sense of Wonder\",\"isPartOf\":{\"@id\":\"https:\/\/senseofwonder.online\/#website\"},\"datePublished\":\"2025-10-01T09:38:34+00:00\",\"dateModified\":\"2025-11-26T21:17:24+00:00\",\"breadcrumb\":{\"@id\":\"https:\/\/senseofwonder.online\/kontakt\/#breadcrumb\"},\"inLanguage\":\"en-US\",\"potentialAction\":[{\"@type\":\"ReadAction\",\"target\":[\"https:\/\/senseofwonder.online\/kontakt\/\"]}]},{\"@type\":\"BreadcrumbList\",\"@id\":\"https:\/\/senseofwonder.online\/kontakt\/#breadcrumb\",\"itemListElement\":[{\"@type\":\"ListItem\",\"position\":1,\"name\":\"Startseite\",\"item\":\"https:\/\/senseofwonder.online\/\"},{\"@type\":\"ListItem\",\"position\":2,\"name\":\"Kontakt\"}]},{\"@type\":\"WebSite\",\"@id\":\"https:\/\/senseofwonder.online\/#website\",\"url\":\"https:\/\/senseofwonder.online\/\",\"name\":\"Sense of Wonder\",\"description\":\"all things science fiction and fantasy\",\"potentialAction\":[{\"@type\":\"SearchAction\",\"target\":{\"@type\":\"EntryPoint\",\"urlTemplate\":\"https:\/\/senseofwonder.online\/?s={search_term_string}\"},\"query-input\":{\"@type\":\"PropertyValueSpecification\",\"valueRequired\":true,\"valueName\":\"search_term_string\"}}],\"inLanguage\":\"en-US\"}]}<\/script>\n<!-- \/ Yoast SEO plugin. -->","yoast_head_json":{"title":"Kontakt - Sense of Wonder","robots":{"index":"index","follow":"follow","max-snippet":"max-snippet:-1","max-image-preview":"max-image-preview:large","max-video-preview":"max-video-preview:-1"},"canonical":"https:\/\/senseofwonder.online\/en\/kontakt\/","og_locale":"en_US","og_type":"article","og_title":"Kontakt - Sense of Wonder","og_description":"Kontakt Telefon: 040 \u2013 413 551 29Mail: info@senseofwonder.online 53.5671107,9.9805445 Sense of Wonder Karte \u00f6ffnen Ladengesch\u00e4ft Sense of WonderGrindelallee 7320146 Hamburg \u00d6ffnungszeiten Dienstag bis Freitag: 11:00 \u2013 18:00 UhrSamstag: 11:00 \u2013 16:00 UhrMontags: Geschlossen","og_url":"https:\/\/senseofwonder.online\/en\/kontakt\/","og_site_name":"Sense of Wonder","article_modified_time":"2025-11-26T21:17:24+00:00","twitter_card":"summary_large_image","schema":{"@context":"https:\/\/schema.org","@graph":[{"@type":"WebPage","@id":"https:\/\/senseofwonder.online\/kontakt\/","url":"https:\/\/senseofwonder.online\/kontakt\/","name":"Kontakt - Sense of Wonder","isPartOf":{"@id":"https:\/\/senseofwonder.online\/#website"},"datePublished":"2025-10-01T09:38:34+00:00","dateModified":"2025-11-26T21:17:24+00:00","breadcrumb":{"@id":"https:\/\/senseofwonder.online\/kontakt\/#breadcrumb"},"inLanguage":"en-US","potentialAction":[{"@type":"ReadAction","target":["https:\/\/senseofwonder.online\/kontakt\/"]}]},{"@type":"BreadcrumbList","@id":"https:\/\/senseofwonder.online\/kontakt\/#breadcrumb","itemListElement":[{"@type":"ListItem","position":1,"name":"Startseite","item":"https:\/\/senseofwonder.online\/"},{"@type":"ListItem","position":2,"name":"Kontakt"}]},{"@type":"WebSite","@id":"https:\/\/senseofwonder.online\/#website","url":"https:\/\/senseofwonder.online\/","name":"Sense of Wonder","description":"all things science fiction and fantasy","potentialAction":[{"@type":"SearchAction","target":{"@type":"EntryPoint","urlTemplate":"https:\/\/senseofwonder.online\/?s={search_term_string}"},"query-input":{"@type":"PropertyValueSpecification","valueRequired":true,"valueName":"search_term_string"}}],"inLanguage":"en-US"}]}},"_links":{"self":[{"href":"https:\/\/senseofwonder.online\/en\/wp-json\/wp\/v2\/pages\/167","targetHints":{"allow":["GET"]}}],"collection":[{"href":"https:\/\/senseofwonder.online\/en\/wp-json\/wp\/v2\/pages"}],"about":[{"href":"https:\/\/senseofwonder.online\/en\/wp-json\/wp\/v2\/types\/page"}],"author":[{"embeddable":true,"href":"https:\/\/senseofwonder.online\/en\/wp-json\/wp\/v2\/users\/1"}],"replies":[{"embeddable":true,"href":"https:\/\/senseofwonder.online\/en\/wp-json\/wp\/v2\/comments?post=167"}],"version-history":[{"count":11,"href":"https:\/\/senseofwonder.online\/en\/wp-json\/wp\/v2\/pages\/167\/revisions"}],"predecessor-version":[{"id":419,"href":"https:\/\/senseofwonder.online\/en\/wp-json\/wp\/v2\/pages\/167\/revisions\/419"}],"wp:attachment":[{"href":"https:\/\/senseofwonder.online\/en\/wp-json\/wp\/v2\/media?parent=167"}],"curies":[{"name":"wp","href":"https:\/\/api.w.org\/{rel}","templated":true}]}}